{"id":50131,"date":"2020-03-06T17:48:59","date_gmt":"2020-03-06T16:48:59","guid":{"rendered":"https:\/\/mra.de\/datenschutzhinweise-fuer-kunden-interessenten"},"modified":"2026-01-12T14:07:11","modified_gmt":"2026-01-12T13:07:11","slug":"datenschutzhinweise-fuer-kunden","status":"publish","type":"page","link":"https:\/\/mra.de\/it\/datenschutzhinweise-fuer-kunden","title":{"rendered":"Datenschutzhinweise f\u00fcr Kunden &#038; Interessenten"},"content":{"rendered":"<p>Erg\u00e4nzend zu unseren Datenschutzhinweisen f\u00fcr Kunden &amp; Interessenten stellen wir Ihnen au\u00dferdem die <a href=\"https:\/\/mra.de\/it\/privacy\">Datenschutzerkl\u00e4rung unserer Webseite<\/a> zur Verf\u00fcgung.<\/p>\n<p>&nbsp;<\/p>\n<p>Sehr geehrter Kunde,<\/p>\n<p>der Schutz Ihrer personenbezogenen Daten ist uns wichtig. Nach Art. 13 der EU-Datenschutz-Grundverordnung (DSGVO) sind wir verpflichtet, Sie dar\u00fcber zu informieren, zu welchem Zweck unser Unternehmen Daten erhebt, speichert oder weiterleitet. Der Information k\u00f6nnen Sie auch entnehmen, welche Rechte Sie in puncto Datenschutz haben.<\/p>\n<h3><strong>1. Verantwortlichkeit f\u00fcr die Verarbeitung<\/strong><\/h3>\n<p>Verantwortlich f\u00fcr die Datenverarbeitung ist:<\/p>\n<p>MRA-Klement GmbH i.L.<br \/>\nSiemensstr. 6, 79331 Teningen-Nimburg<br \/>\n<a href=\"mailto:info@mra.de\">info@mra.de<\/a><br \/>\nGesch\u00e4ftsf\u00fchrung: Cornelia Kleist<\/p>\n<p>Sie erreichen die\/den zust\u00e4ndige\/n Datenschutzbeauftragte\/n unter:<br \/>\nSimone Klumpp \/ Informationstechnik Klumpp GmbH<br \/>\nTheodor-Kaufmann-Str. 31, 77933 Lahr<br \/>\n07821\/99666-50 oder per E-Mail: <a href=\"mailto:s.klumpp@klumpp-systeme.de\">s.klumpp@klumpp-systeme.de<\/a><\/p>\n<h3><strong>2. Quelle der personenbezogenen Daten<\/strong><\/h3>\n<p>Die Erhebung Ihrer Daten findet grunds\u00e4tzlich bei Ihnen selbst statt. Die Verarbeitung der von Ihnen \u00fcberlassenen personenbezogenen Daten ist zur Erf\u00fcllung der vertraglichen Pflichten, die sich aus dem mit uns geschlossenen Vertrag ergeben, notwendig. Aufgrund Ihrer Mitwirkungs\u00adpflichten ist es unumg\u00e4nglich, die von uns angeforderten personenbezogenen Daten zur Verf\u00fc\u00adgung zu stellen, da wir ansonsten unseren vertraglichen Pflichten nicht nachkommen k\u00f6nnen. Im Rahmen vorvertraglicher Ma\u00dfnahmen (z. B. Stammdatenerfassung im Interessentenprozess) ist die Bereitstellung Ihrer personenbezogenen Daten notwendig. Sollten die angeforderten Daten nicht von Ihnen bereitgestellt werden, kann ein Vertrag nicht abgeschlossen werden. Zur Erbringung unserer Dienstleistungen kann es erforderlich sein, personenbezogene Daten zu verarbeiten, die wir von anderen Unternehmen oder sonstigen Dritten (z. B. Gro\u00dfh\u00e4ndlern und Zwischenh\u00e4ndlern, Werkst\u00e4tten) zul\u00e4ssigerweise und zu dem jeweiligen Zweck erhalten haben. Weiterhin verarbeiten wir ggf. personenbezogene Daten aus \u00f6ffentlich zug\u00e4nglichen Quellen, z. B. Internetauftritten, die wir zul\u00e4ssigerweise und nur zu dem jeweiligen Vertragszweck nutzen.<\/p>\n<h3><strong>3. Zweck der Datenverarbeitung<\/strong><\/h3>\n<p>Die von Ihnen \u00fcberlassenen personenbezogenen Daten werden im Einklang mit den Bestimmun\u00adgen der europ\u00e4ischen Datenschutzverordnung (DSGVO) und dem Bundesdatenschutzgesetz (BDSG) verarbeitet:<\/p>\n<p><strong>Zur Erf\u00fcllung von vertraglichen Pflichten (gem. Art. 6 Abs. 1 Lit. b DSGVO)<\/strong><\/p>\n<p>Die Zwecke der Datenverarbeitung ergeben sich zum einen aus der Einleitung vorvertraglicher Ma\u00dfnahmen, die einer vertraglich geregelten Gesch\u00e4ftsbeziehung vorausgehen und zum anderen zur Erf\u00fcllung der Pflichten aus dem mit Ihnen geschlossenen Vertrag.<\/p>\n<p><strong>Aufgrund einer Einwilligung (gem. Art. 6 Abs. 1 Lit. a DSGVO)<\/strong><\/p>\n<p>Die Zwecke der Verarbeitung personenbezogener Daten ergeben sich aus der Erteilung einer Ein\u00adwilligung. Eine erteilte Einwilligung kann jederzeit von Ihnen mit Wirkung f\u00fcr die Zukunft widerrufen werden. Auch Einwilligungen, die vor der Geltung der DS-GVO (25. Mai 2018) erteilt worden sind, k\u00f6nnen widerrufen werden. Verarbeitungen, die vor dem Widerruf erfolgt sind, bleiben vom Wider\u00adruf unber\u00fchrt. Beispiel: Zusendung eines Newsletters.<\/p>\n<p><strong>Im Rahmen der Interessenabw\u00e4gung (gem. Art. 6 Abs. 1 Lit. f DSGVO)<\/strong><\/p>\n<p>Die Zwecke der Verarbeitung ergeben sich aus der Wahrung unserer berechtigten Interessen. Es kann erforderlich sein, die von Ihnen \u00fcberlassenen Daten \u00fcber die eigentliche Erf\u00fcllung des Vertra\u00adges hinaus zu verarbeiten. Unser berechtigtes Interesse kann zur Begr\u00fcndung der weiteren Verar\u00adbeitung der von Ihnen \u00fcberlassenen Daten herangezogen werden, sofern Ihre Interessen oder Grundrechte und Grundfreiheiten nicht \u00fcberwiegen. Unser berechtigtes Interesse kann im Einzel\u00adfall sein: Geltendmachung rechtlicher Anspr\u00fcche oder zur Abwehr von Haftungsanspr\u00fcchen.<\/p>\n<h3><strong>4. Empf\u00e4nger Ihrer Daten<\/strong><\/h3>\n<p>Innerhalb unserer Unternehmensgruppe erhalten diejenigen Bereiche Zugriff auf die von Ihnen \u00fcberlassenen personenbezogenen Daten, die diese zur Erf\u00fcllung der vertraglichen und gesetzli\u00adchen Pflichten ben\u00f6tigen und die zur Verarbeitung dieser Daten berechtigt sind. In Erf\u00fcllung des mit Ihnen geschlossenen Vertrages erhalten ausschlie\u00dflich diejenigen Stellen die von Ihnen \u00fcberlassenen Daten, die wir zur Erf\u00fcllung unserer vertraglichen Verpflichtung \u00fcbermit\u00adteln (DHL als Versanddienstleister).<br \/>\nWeitere Empf\u00e4nger erhalten die von Ihnen \u00fcberlassenen Daten nur auf Ihren Wunsch hin, wenn Sie uns die hierf\u00fcr notwendige Einwilligung erteilen. Im Rahmen unserer Leistungserbringung beauftragen wir Auftragsverarbeiter, die zur Erf\u00fcllung der vertraglichen Pflichten beitragen (abas GmbH &amp; Co. KG, Braunstein IT-Service, DATEV eG, Leitwerk AG, Rhenus Data Office GmbH). Diese Auftragsverarbeiter werden von uns vertraglich zur Einhaltung der Vorgaben der DSGVO und des BDSG verpflichtet.<\/p>\n<h3><strong>5. Daten\u00fcbermittlung in ein Drittland oder an eine internationale Organisation<\/strong><\/h3>\n<p>Eine \u00dcbermittlung der von Ihnen \u00fcberlassenen Daten an ein Drittland oder eine internationale Organisation erfolgt in keinem Fall. Sollten Sie im Einzelfall die \u00dcbermittlung der von Ihnen \u00fcberlassenen Daten an ein Drittland oder eine internationale Organisation w\u00fcnschen, f\u00fchren wir dies nur nach Ihrer schriftlichen Einwilligung durch.<\/p>\n<h3><strong>6. Automatisierte Einzelentscheidung \u2013 Profiling-<\/strong><\/h3>\n<p>Bei dem Besuch unserer Onlinepr\u00e4senzen in sozialen Medien k\u00f6nnen Ihre Daten f\u00fcr Marktforschungs- und Werbezwecke automatisch erhoben und gespeichert werden. Aus diesen Daten werden unter Verwendung von Pseudonymen sog. Nutzungsprofile erstellt. Diese k\u00f6nnen verwendet werden, um z.B. Werbeanzeigen innerhalb und au\u00dferhalb der Plattformen zu schalten, die mutma\u00dflich Ihren Interessen entsprechen. Zu diesem Zweck werden im Regelfall Cookies auf Ihrem Endger\u00e4t eingesetzt. In diesen Cookies werden das Besucherverhalten und die Interessen der Nutzer gespeichert. Dies dient gem. Art. 6 Abs. 1 lit. f. DSGVO der Wahrung unserer im Rahmen einer Interessensabw\u00e4gung \u00fcberwiegenden berechtigten Interessen an einer optimierten Darstellung unseres Angebots und effektiver Kommunikation mit den Kunden und Interessenten. Falls Sie von den jeweiligen Social-Media Plattformbetreibern um eine Einwilligung (Einverst\u00e4ndnis) in die Datenverarbeitung gebeten werden, z.B. mit Hilfe einer Checkbox, ist die Rechtsgrundlage der Datenverarbeitung Art. 6 Abs. 1 lit. a DSGVO.<\/p>\n<h3><strong>7. Speicherung Ihrer Daten<\/strong><\/h3>\n<p>Die Verarbeitung der von Ihnen \u00fcberlassenen Daten erfolgt so lange, wie sie zur Erreichung des vertraglich vereinbarten Zweckes notwendig ist, grunds\u00e4tzlich so lange das Vertragsverh\u00e4ltnis mit Ihnen besteht. Nach der Beendigung des Vertragsverh\u00e4ltnisses werden die von Ihnen \u00fcberlasse\u00adnen Daten zur Einhaltung gesetzlicher Aufbewahrungspflichten oder aufgrund unserer berechtigten Interessen verarbeitet. Nach dem Ablauf der gesetzlichen Aufbewahrungsfristen und\/oder dem Wegfall unserer berechtigten Interessen werden die von Ihnen \u00fcberlassenen Daten gel\u00f6scht. Voraussichtliche Fristen der uns treffenden Aufbewahrungspflichten und unserer berechtigten Interessen:<\/p>\n<ul>\n<li>Erf\u00fcllung handels- und steuerrechtlicher Aufbewahrungsfristen. Die dort vorgegebenen Fristen zur Aufbewahrung bzw. Dokumentation betragen<em> zwei bis zehn Jahre<\/em>.<\/li>\n<li style=\"text-align: left;\"><em>Erf\u00fcllung handels- und steuerrechtlicher Aufbewahrungsfristen zur Wahrung von Gew\u00e4hrleis\u00adtungsanspr\u00fcchen.<\/em><\/li>\n<\/ul>\n<h3>8. Ihre Rechte<\/h3>\n<p><strong>Auskunft \u00fcber Ihre Rechte<\/strong><\/p>\n<ul>\n<li><strong>Recht auf Auskunft gem. Art. 15 DSGVO:<\/strong><\/li>\n<\/ul>\n<p>Sie haben das Recht, auf Antrag unentgeltlich Auskunft zu erhalten, ob und welche Daten \u00fcber Sie gespeichert sind und zu welchem Zweck die Speicherung erfolgt.<\/p>\n<ul>\n<li><strong>Recht auf Berichtigung gem. Art. 16 DSGVO:<\/strong><\/li>\n<\/ul>\n<p>Sie haben das Recht, von dem Verantwortlichen unverz\u00fcglich die Berichtigung Ihrer unrichtigen personenbezogenen Daten zu verlangen. Unter Ber\u00fccksichtigung der Zwecke der Verarbeitung haben Sie das Recht, die Vervollst\u00e4ndigung unvollst\u00e4ndiger personenbezogener Daten \u2014 auch mittels einer erg\u00e4nzenden Erkl\u00e4rung \u2014 zu verlangen.<\/p>\n<ul>\n<li><strong>Recht auf L\u00f6schung (\u201eRecht auf Vergessenwerden\u201c) gem. Art. 17 DSGVO: <\/strong><\/li>\n<\/ul>\n<p>Sie haben das Recht, von dem Verantwortlichen zu verlangen, dass Ihre Daten unverz\u00fcglich gel\u00f6scht werden. Der Verantwortliche ist verpflichtet, personenbezogene Daten unverz\u00fcglich zu l\u00f6schen, sofern einer der folgenden Gr\u00fcnde zutrifft:<\/p>\n<ol style=\"list-style-type: lower-alpha;\">\n<li>Zwecke, f\u00fcr die die personenbezogenen Daten erhoben wurden, entfallen<\/li>\n<li>Sie widerrufen Ihre Einwilligung der Verarbeitung. Eine anderweitige Rechtsgrundlage f\u00fcr die Verarbeitung liegt nicht vor.<\/li>\n<li>Sie widersprechen der Verarbeitung. Eine anderweitige Rechtsgrundlage f\u00fcr die Verarbeitung liegt nicht vor.<\/li>\n<li>Die personenbezogenen Daten wurden unrechtm\u00e4\u00dfig verarbeitet.<\/li>\n<li>Die L\u00f6schung der personenbezogenen Daten ist zur Erf\u00fcllung einer rechtlichen Verpflichtung nach dem Unionsrecht oder dem Recht der Mitgliedstaaten erforderlich, dem der Verantwortliche unterliegt.<\/li>\n<li>Die personenbezogenen Daten wurden in Bezug auf angebotene Dienste der Informationsgesellschaft gem\u00e4\u00df Artikel 8 Absatz 1 erhoben.<\/li>\n<\/ol>\n<ul>\n<li><strong>Recht auf Einschr\u00e4nkung der Verarbeitung gem. Art. 18 DSGVO &amp;. \u00a7 35 BDSG: <\/strong><\/li>\n<\/ul>\n<p>Sie haben das Recht die Einschr\u00e4nkung der Verarbeitung zu verlangen, wenn eine der folgenden Voraussetzungen gegeben ist:<\/p>\n<ol style=\"list-style-type: lower-alpha;\">\n<li>Die Richtigkeit der personenbezogenen Daten wird von Ihnen angezweifelt. Die Verarbeitung ist unrechtm\u00e4\u00dfig; Sie lehnen eine L\u00f6schung jedoch ab.<\/li>\n<li>Personenbezogene Daten werden f\u00fcr die Zwecke der Verarbeitung nicht l\u00e4nger ben\u00f6tigt; Sie ben\u00f6tigen die Daten jedoch zur Geltendmachung, Aus\u00fcbung oder Verteidigung von Rechtsanspr\u00fcchen.<\/li>\n<li>Sie haben Widerspruch gegen die Verarbeitung gem. Art. 21 Abs. 1 DS-GVO eingelegt. Solange noch nicht feststeht, ob die berechtigten Gr\u00fcnde des Verantwortlichen Ihnen gegen\u00fcber \u00fcberwiegen, wird die Verarbeitung eingeschr\u00e4nkt<\/li>\n<li><strong>Recht auf Daten\u00fcbertragbarkeit gem. Art. 20 DSGVO: <\/strong>Sie haben das Recht, die von Ihnen bereitgestellten Daten in einem strukturierten, g\u00e4ngigen und maschinenlesbaren Format von dem Verantwortlichen zu erhalten. Eine Weiterleitung an einen anderen Verantwortlichen darf von uns nicht behindert werden.<\/li>\n<li><strong>Widerspruchsrecht gem. Art. 21 DSGVO: <\/strong>Hierzu wenden Sie sich bitte an den Verantwortlichen der Verarbeitung (s.o.)<\/li>\n<li><strong>Beschwerderecht bei der Aufsichtsbeh\u00f6rde gem. Art. 13 Abs. 2 Lit. d, 77 DSGVO i.<\/strong><strong>V. m \u00a7 19 BDSG: <\/strong>Wenn Sie der Ansicht sind, dass die Verarbeitung Ihrer Daten gegen die DS-GVO verst\u00f6\u00dft, haben Sie das Recht, Beschwerde bei der Aufsichtsbeh\u00f6rde einzulegen. Hierzu wenden Sie sich bitte an die zust\u00e4ndige Aufsichtsbeh\u00f6rde: <strong>Der Landesbeauftragte f\u00fcr Datenschutz und Informationsfreiheit<\/strong><br \/>\n<strong>Baden-W\u00fcrttemberg<\/strong><br \/>\n<strong>Heilbronner Str. 35<\/strong><br \/>\n<strong>70191 Stuttgart<\/strong><\/li>\n<li><strong>Widerruf der Einwilligung gem. Art. 7 Abs. 3 DSGVO: <\/strong>Beruht die Verarbeitung auf Ihrer Einwilligung gem. Art. 6 Abs. 1 Lit. a oder Art. 9 Abs. 2 Lit. a (Verarbeitung besonderer Kategorien personenbezogener Daten), sind Sie jederzeit dazu berechtigt, die zweckm\u00e4\u00dfig gebundene Einwilligung zu widerrufen, ohne dass die Rechtm\u00e4\u00dfigkeit der aufgrund der Einwilligung bis zum Widerruf erfolgten Verarbeitung ber\u00fchrt wird.<\/li>\n<\/ol>\n<p>&nbsp;<\/p>\n<p>Sollten Sie Fragen haben, k\u00f6nnen Sie sich gern an uns wenden.<br \/>\nIhr Team der MRA-Klement GmbH i.L.<\/p>\n","protected":false},"excerpt":{"rendered":"<p>Erg\u00e4nzend zu unseren Datenschutzhinweisen f\u00fcr Kunden &amp; Interessenten stellen wir Ihnen au\u00dferdem die Datenschutzerkl\u00e4rung unserer Webseite zur Verf\u00fcgung. &nbsp; Sehr geehrter Kunde, der Schutz Ihrer personenbezogenen Daten ist uns wichtig. &#8230;<\/p>\n","protected":false},"author":3,"featured_media":0,"parent":0,"menu_order":0,"comment_status":"closed","ping_status":"closed","template":"","meta":{"_acf_changed":false,"footnotes":""},"class_list":["post-50131","page","type-page","status-publish","hentry"],"acf":[],"yoast_head":"<!-- This site is optimized with the Yoast SEO plugin v27.2 - https:\/\/yoast.com\/product\/yoast-seo-wordpress\/ -->\n<title>Datenschutzhinweise f\u00fcr Kunden &amp; Interessenten - MRA Motorcycle Windshields - MRA-Klement GmbH i.L.<\/title>\n<meta name=\"robots\" content=\"noindex, nofollow\" \/>\n<meta property=\"og:locale\" content=\"it_IT\" \/>\n<meta property=\"og:type\" content=\"article\" \/>\n<meta property=\"og:title\" content=\"Datenschutzhinweise f\u00fcr Kunden &amp; Interessenten - MRA Motorcycle Windshields - MRA-Klement GmbH i.L.\" \/>\n<meta property=\"og:description\" content=\"Erg\u00e4nzend zu unseren Datenschutzhinweisen f\u00fcr Kunden &amp; Interessenten stellen wir Ihnen au\u00dferdem die Datenschutzerkl\u00e4rung unserer Webseite zur Verf\u00fcgung. &nbsp; Sehr geehrter Kunde, der Schutz Ihrer personenbezogenen Daten ist uns wichtig. ...\" \/>\n<meta property=\"og:url\" content=\"https:\/\/mra.de\/it\/datenschutzhinweise-fuer-kunden\" \/>\n<meta property=\"og:site_name\" content=\"MRA Motorcycle Windshields - MRA-Klement GmbH i.L.\" \/>\n<meta property=\"article:modified_time\" content=\"2026-01-12T13:07:11+00:00\" \/>\n<meta name=\"twitter:card\" content=\"summary_large_image\" \/>\n<meta name=\"twitter:label1\" content=\"Tempo di lettura stimato\" \/>\n\t<meta name=\"twitter:data1\" content=\"8 minuti\" \/>\n<script type=\"application\/ld+json\" class=\"yoast-schema-graph\">{\"@context\":\"https:\/\/schema.org\",\"@graph\":[{\"@type\":\"WebPage\",\"@id\":\"https:\/\/mra.de\/it\/datenschutzhinweise-fuer-kunden\",\"url\":\"https:\/\/mra.de\/it\/datenschutzhinweise-fuer-kunden\",\"name\":\"Datenschutzhinweise f\u00fcr Kunden & Interessenten - MRA Motorcycle Windshields - MRA-Klement GmbH i.L.\",\"isPartOf\":{\"@id\":\"https:\/\/mra.de\/en\/#website\"},\"datePublished\":\"2020-03-06T16:48:59+00:00\",\"dateModified\":\"2026-01-12T13:07:11+00:00\",\"breadcrumb\":{\"@id\":\"https:\/\/mra.de\/it\/datenschutzhinweise-fuer-kunden#breadcrumb\"},\"inLanguage\":\"it-IT\",\"potentialAction\":[{\"@type\":\"ReadAction\",\"target\":[\"https:\/\/mra.de\/it\/datenschutzhinweise-fuer-kunden\"]}]},{\"@type\":\"BreadcrumbList\",\"@id\":\"https:\/\/mra.de\/it\/datenschutzhinweise-fuer-kunden#breadcrumb\",\"itemListElement\":[{\"@type\":\"ListItem\",\"position\":1,\"name\":\"Home\",\"item\":\"https:\/\/mra.de\/it\"},{\"@type\":\"ListItem\",\"position\":2,\"name\":\"Datenschutzhinweise f\u00fcr Kunden &#038; Interessenten\"}]},{\"@type\":\"WebSite\",\"@id\":\"https:\/\/mra.de\/en\/#website\",\"url\":\"https:\/\/mra.de\/en\/\",\"name\":\"MRA Motorcycle Windshields - MRA-Klement GmbH i.L.\",\"description\":\"Motorcycle Windshields\",\"potentialAction\":[{\"@type\":\"SearchAction\",\"target\":{\"@type\":\"EntryPoint\",\"urlTemplate\":\"https:\/\/mra.de\/en\/?s={search_term_string}\"},\"query-input\":{\"@type\":\"PropertyValueSpecification\",\"valueRequired\":true,\"valueName\":\"search_term_string\"}}],\"inLanguage\":\"it-IT\"}]}<\/script>\n<!-- \/ Yoast SEO plugin. -->","yoast_head_json":{"title":"Datenschutzhinweise f\u00fcr Kunden & Interessenten - MRA Motorcycle Windshields - MRA-Klement GmbH i.L.","robots":{"index":"noindex","follow":"nofollow"},"og_locale":"it_IT","og_type":"article","og_title":"Datenschutzhinweise f\u00fcr Kunden & Interessenten - MRA Motorcycle Windshields - MRA-Klement GmbH i.L.","og_description":"Erg\u00e4nzend zu unseren Datenschutzhinweisen f\u00fcr Kunden &amp; Interessenten stellen wir Ihnen au\u00dferdem die Datenschutzerkl\u00e4rung unserer Webseite zur Verf\u00fcgung. &nbsp; Sehr geehrter Kunde, der Schutz Ihrer personenbezogenen Daten ist uns wichtig. ...","og_url":"https:\/\/mra.de\/it\/datenschutzhinweise-fuer-kunden","og_site_name":"MRA Motorcycle Windshields - MRA-Klement GmbH i.L.","article_modified_time":"2026-01-12T13:07:11+00:00","twitter_card":"summary_large_image","twitter_misc":{"Tempo di lettura stimato":"8 minuti"},"schema":{"@context":"https:\/\/schema.org","@graph":[{"@type":"WebPage","@id":"https:\/\/mra.de\/it\/datenschutzhinweise-fuer-kunden","url":"https:\/\/mra.de\/it\/datenschutzhinweise-fuer-kunden","name":"Datenschutzhinweise f\u00fcr Kunden & Interessenten - MRA Motorcycle Windshields - MRA-Klement GmbH i.L.","isPartOf":{"@id":"https:\/\/mra.de\/en\/#website"},"datePublished":"2020-03-06T16:48:59+00:00","dateModified":"2026-01-12T13:07:11+00:00","breadcrumb":{"@id":"https:\/\/mra.de\/it\/datenschutzhinweise-fuer-kunden#breadcrumb"},"inLanguage":"it-IT","potentialAction":[{"@type":"ReadAction","target":["https:\/\/mra.de\/it\/datenschutzhinweise-fuer-kunden"]}]},{"@type":"BreadcrumbList","@id":"https:\/\/mra.de\/it\/datenschutzhinweise-fuer-kunden#breadcrumb","itemListElement":[{"@type":"ListItem","position":1,"name":"Home","item":"https:\/\/mra.de\/it"},{"@type":"ListItem","position":2,"name":"Datenschutzhinweise f\u00fcr Kunden &#038; Interessenten"}]},{"@type":"WebSite","@id":"https:\/\/mra.de\/en\/#website","url":"https:\/\/mra.de\/en\/","name":"MRA Motorcycle Windshields - MRA-Klement GmbH i.L.","description":"Motorcycle Windshields","potentialAction":[{"@type":"SearchAction","target":{"@type":"EntryPoint","urlTemplate":"https:\/\/mra.de\/en\/?s={search_term_string}"},"query-input":{"@type":"PropertyValueSpecification","valueRequired":true,"valueName":"search_term_string"}}],"inLanguage":"it-IT"}]}},"_links":{"self":[{"href":"https:\/\/mra.de\/it\/wp-json\/wp\/v2\/pages\/50131","targetHints":{"allow":["GET"]}}],"collection":[{"href":"https:\/\/mra.de\/it\/wp-json\/wp\/v2\/pages"}],"about":[{"href":"https:\/\/mra.de\/it\/wp-json\/wp\/v2\/types\/page"}],"author":[{"embeddable":true,"href":"https:\/\/mra.de\/it\/wp-json\/wp\/v2\/users\/3"}],"replies":[{"embeddable":true,"href":"https:\/\/mra.de\/it\/wp-json\/wp\/v2\/comments?post=50131"}],"version-history":[{"count":12,"href":"https:\/\/mra.de\/it\/wp-json\/wp\/v2\/pages\/50131\/revisions"}],"predecessor-version":[{"id":441015,"href":"https:\/\/mra.de\/it\/wp-json\/wp\/v2\/pages\/50131\/revisions\/441015"}],"wp:attachment":[{"href":"https:\/\/mra.de\/it\/wp-json\/wp\/v2\/media?parent=50131"}],"curies":[{"name":"wp","href":"https:\/\/api.w.org\/{rel}","templated":true}]}}